{"id":3144,"date":"2024-05-16T21:27:19","date_gmt":"2024-05-17T00:27:19","guid":{"rendered":"https:\/\/andesport.net\/a-propos-de-nous-copie\/"},"modified":"2024-07-18T13:55:21","modified_gmt":"2024-07-18T16:55:21","slug":"a-propos-de-nous","status":"publish","type":"page","link":"https:\/\/andesport.net\/fr\/a-propos-de-nous\/","title":{"rendered":"A propos de nous"},"content":{"rendered":"\t\t<div data-elementor-type=\"wp-page\" data-elementor-id=\"3144\" class=\"elementor elementor-3144 elementor-3143\" data-elementor-post-type=\"page\">\n\t\t\t\t<div class=\"elementor-element elementor-element-c934890 e-flex e-con-boxed e-con e-parent\" data-id=\"c934890\" data-element_type=\"container\" data-e-type=\"container\" data-settings=\"{&quot;background_background&quot;:&quot;classic&quot;}\">\n\t\t\t\t\t<div class=\"e-con-inner\">\n\t\t\t\t<div class=\"elementor-element elementor-element-a738340 elementor-widget elementor-widget-heading\" data-id=\"a738340\" data-element_type=\"widget\" data-e-type=\"widget\" data-widget_type=\"heading.default\">\n\t\t\t\t<div class=\"elementor-widget-container\">\n\t\t\t\t\t<h1 class=\"elementor-heading-title elementor-size-default\">\u00c0 PROPOS DE NOUS<\/h1>\t\t\t\t<\/div>\n\t\t\t\t<\/div>\n\t\t\t\t\t<\/div>\n\t\t\t\t<\/div>\n\t\t<div class=\"elementor-element elementor-element-c811d47 e-flex e-con-boxed e-con e-parent\" data-id=\"c811d47\" data-element_type=\"container\" data-e-type=\"container\" data-settings=\"{&quot;background_background&quot;:&quot;classic&quot;}\">\n\t\t\t\t\t<div class=\"e-con-inner\">\n\t\t<div class=\"elementor-element elementor-element-d32471e e-con-full e-flex e-con e-child\" data-id=\"d32471e\" data-element_type=\"container\" data-e-type=\"container\">\n\t\t\t\t<div class=\"elementor-element elementor-element-020cf3e elementor-widget elementor-widget-text-editor\" data-id=\"020cf3e\" data-element_type=\"widget\" data-e-type=\"widget\" data-widget_type=\"text-editor.default\">\n\t\t\t\t<div class=\"elementor-widget-container\">\n\t\t\t\t\t\t\t\t\t<p><span style=\"font-weight: 400;\">Andesport : Ta porte d&rsquo;entr\u00e9e pour l&rsquo;aventure dans le majestueux Aconcagua<\/span><\/p>\n<p><span style=\"font-weight: 400;\">R\u00eaves-tu de conqu\u00e9rir les hauteurs ? As-tu envie de vivre des exp\u00e9riences uniques en montagne ? \u00c0 Andesport, nous sommes plus qu&rsquo;une simple entreprise d&rsquo;exp\u00e9dition. Nous sommes tes compagnons de voyage, tes guides et tes alli\u00e9s \u00e0 chaque \u00e9tape vers le sommet.<\/span><\/p>\n\t\t\t\t\t\t\t\t<\/div>\n\t\t\t\t<\/div>\n\t\t\t\t<\/div>\n\t\t\t\t\t<\/div>\n\t\t\t\t<\/div>\n\t\t<div class=\"elementor-element elementor-element-de698a6 e-flex e-con-boxed e-con e-parent\" data-id=\"de698a6\" data-element_type=\"container\" data-e-type=\"container\">\n\t\t\t\t\t<div class=\"e-con-inner\">\n\t\t<div class=\"elementor-element elementor-element-7a54ddf e-flex e-con-boxed e-con e-child\" data-id=\"7a54ddf\" data-element_type=\"container\" data-e-type=\"container\">\n\t\t\t\t\t<div class=\"e-con-inner\">\n\t\t\t\t<div class=\"elementor-element elementor-element-43077dc elementor-widget__width-inherit elementor-widget elementor-widget-heading\" data-id=\"43077dc\" data-element_type=\"widget\" data-e-type=\"widget\" data-widget_type=\"heading.default\">\n\t\t\t\t<div class=\"elementor-widget-container\">\n\t\t\t\t\t<h2 class=\"elementor-heading-title elementor-size-default\">ANDESPORT - DEPUIS 1987 -<\/h2>\t\t\t\t<\/div>\n\t\t\t\t<\/div>\n\t\t\t\t<div class=\"elementor-element elementor-element-bfaa2b0 elementor-widget elementor-widget-text-editor\" data-id=\"bfaa2b0\" data-element_type=\"widget\" data-e-type=\"widget\" data-widget_type=\"text-editor.default\">\n\t\t\t\t<div class=\"elementor-widget-container\">\n\t\t\t\t\t\t\t\t\t<div class=\"content user-select-text\" tabindex=\"0\" aria-description=\"\" aria-label=\"Enviado por Copilot: Certainly! Here's the translation of your text: \"Our passion for the mountains For over 30 years, we've explored the snowy peaks, rocky slopes, and winding trails of Aconcagua. Our love for the mountains drives us to offer the best: 1. **Experience and Tradition**: We're part of Aconcagua's history. Before the Provincial Park even existed, we were there, mapping routes and sharing the beauty of this Andean colossus. Our legacy spans generations of mountaineers and climbers. 2. **Diverse and Youthful Team**: We blend the wisdom of experience with youthful energy. Our team includes seasoned veterans who know every nook and cranny, along with passionate young members who bring fresh ideas and perspectives. Together, we create a unique synergy to provide exceptional service. 3. **Comprehensive Services**: We don't just organize expeditions; we create experiences. From the moment you set foot in base camp until you reach the summit, we're by your side. Our mules transport your gear, our guides provide direction, and our logistics ensure everything is in place. Need high-quality equipment? Looking for a cozy refuge? We've got you covered. 4. **Aconcagua's Normal Route**: Our specialty is the normal route. We know every step, every refuge, and every challenge. We accompany you from Plaza de Mulas to the summit, taking care of every detail so you can focus on the experience. 5. **David Vela: Our Founder and Mentor**: David Vela is the heart and soul of Andesport. His connection to the mountains began at an early age when his father was part of the First Aconcagua Expedition in 1938. Since then, David has dedicated his life to exploring and sharing his passion for nature. Additionally, his son Tom\u00e1s Vela is also an active part of our company, continuing the family tradition for generations. 6. **Skiing and Diving**: At age 9, David was already linked to the mountains through skiing. He traveled to France to hone his skills in La Plagne and became a ski instructor. But his adventurous spirit didn't stop there. David also became the first star diver, exploring the ocean's depths. 7. **Assistance on Aconcagua**: Since 1987, David has assisted climbers on Aconcagua and Tupungato Mercedario. His experience and knowledge are invaluable to our company and clients. He knows every crevice, climate change, and mountain challenge. 8. **David as a Mentor**: David isn't just an experienced guide; he's also a mentor. His love for adventure and respect for nature are contagious. When you join Andesport, you're following in the footsteps of someone whose life is intertwined with breathtaking summits and landscapes. Join the adventure At Andesport, we don't just climb mountains; we create memories, push limits, and celebrate nature in its most awe-inspiring form. Join us and discover why passionate mountaineers choose us.\"[^1^] \ud83c\udfd4\ufe0f\ud83c\udf3f\"><div class=\"ac-container ac-adaptiveCard has-image\"><div class=\"ac-textBlock\"><h3 style=\"text-align: center;\"><strong>\u00ab\u00a0Notre passion pour les montagnes\u00a0\u00bb<\/strong><\/h3><p>Depuis plus de 30 ans, nous explorons les sommets enneig\u00e9s, les pentes rocheuses et les sentiers sinueux de l&rsquo;Aconcagua. Notre amour pour les montagnes nous pousse \u00e0 offrir ce qu&rsquo;il y a de mieux :<\/p><ol><li><strong>Exp\u00e9rience et tradition<\/strong>: Nous faisons partie de l&rsquo;histoire de l&rsquo;Aconcagua. Avant m\u00eame que le parc provincial n&rsquo;existe, nous \u00e9tions l\u00e0, tra\u00e7ant des itin\u00e9raires et partageant la beaut\u00e9 de ce colosse des Andes. Notre h\u00e9ritage s&rsquo;\u00e9tend sur des g\u00e9n\u00e9rations d&rsquo;alpinistes et de grimpeurs.<\/li><li>Une <strong>\u00e9quipe diversifi\u00e9e et jeune<\/strong>: Nous allions la sagesse de l&rsquo;exp\u00e9rience \u00e0 l&rsquo;\u00e9nergie de la jeunesse. Notre \u00e9quipe comprend des v\u00e9t\u00e9rans chevronn\u00e9s qui en connaissent les moindres recoins, ainsi que de jeunes membres passionn\u00e9s qui apportent des id\u00e9es et des perspectives nouvelles. Ensemble, nous cr\u00e9ons une synergie unique pour offrir un service exceptionnel.<\/li><li><strong>Des services complets<\/strong>: Nous ne nous contentons pas d&rsquo;organiser des exp\u00e9ditions, nous cr\u00e9ons des exp\u00e9riences. Du moment o\u00f9 tu poses le pied au camp de base jusqu&rsquo;\u00e0 ce que tu atteignes le sommet, nous sommes \u00e0 tes c\u00f4t\u00e9s. Nos mules transportent ton mat\u00e9riel, nos guides t&rsquo;orientent et notre logistique veille \u00e0 ce que tout soit en place. Tu as besoin d&rsquo;un \u00e9quipement de haute qualit\u00e9 ? Tu cherches un refuge douillet ? Nous avons tout ce qu&rsquo;il te faut.<\/li><li>La <strong>voie normale de l&rsquo;Aconcagua<\/strong>: Notre sp\u00e9cialit\u00e9 est la voie normale. Nous connaissons chaque \u00e9tape, chaque refuge et chaque d\u00e9fi. Nous t&rsquo;accompagnons de la Plaza de Mulas jusqu&rsquo;au sommet, en nous occupant de chaque d\u00e9tail pour que tu puisses te concentrer sur l&rsquo;exp\u00e9rience.<\/li><li><strong>David Vela : notre fondateur et mentor<\/strong>: David Vela est le c\u0153ur et l&rsquo;\u00e2me d&rsquo;Andesport. Son lien avec les montagnes a commenc\u00e9 d\u00e8s son plus jeune \u00e2ge, lorsque son p\u00e8re a fait partie de la premi\u00e8re exp\u00e9dition de l&rsquo;Aconcagua en 1938. Depuis, David consacre sa vie \u00e0 explorer et \u00e0 partager sa passion pour la nature. De plus, son fils Tom\u00e1s Vela est \u00e9galement un membre actif de notre entreprise, perp\u00e9tuant ainsi la tradition familiale depuis des g\u00e9n\u00e9rations.<\/li><li>Le <strong>ski et la plong\u00e9e<\/strong>: \u00c0 l&rsquo;\u00e2ge de 9 ans, David \u00e9tait d\u00e9j\u00e0 li\u00e9 \u00e0 la montagne par le ski. Il s&rsquo;est rendu en France pour perfectionner ses comp\u00e9tences \u00e0 La Plagne et est devenu moniteur de ski. Mais son esprit d&rsquo;aventure ne s&rsquo;est pas arr\u00eat\u00e9 l\u00e0. David est \u00e9galement devenu le premier plongeur \u00e9toile, explorant les profondeurs de l&rsquo;oc\u00e9an.<\/li><li><strong>Assistance sur l&rsquo;Ac<\/strong>oncagua : Depuis 1987, David assiste les alpinistes sur l&rsquo;Aconcagua et le Tupungato Mercedario. Son exp\u00e9rience et ses connaissances sont inestimables pour notre entreprise et nos clients. Il en conna\u00eet toutes les crevasses, les changements climatiques et les d\u00e9fis de la montagne.<\/li><li><strong>David en tant que mentor<\/strong>: David n&rsquo;est pas seulement un guide exp\u00e9riment\u00e9, c&rsquo;est aussi un mentor. Son amour pour l&rsquo;aventure et son respect de la nature sont contagieux. Lorsque tu rejoins Andesport, tu suis les traces de quelqu&rsquo;un dont la vie est entrelac\u00e9e avec des sommets et des paysages \u00e0 couper le souffle.<\/li><\/ol><p>Participe \u00e0 l&rsquo;aventure<\/p><p>Chez Andesport, nous ne nous contentons pas d&rsquo;escalader des montagnes ; nous cr\u00e9ons des souvenirs, repoussons les limites et c\u00e9l\u00e9brons la nature sous sa forme la plus impressionnante. Rejoins-nous et d\u00e9couvre pourquoi les alpinistes passionn\u00e9s nous choisissent. \ud83c\udfd4\ufe0f\ud83c\udf3f<\/p><\/div><div class=\"ac-horizontal-separator\" aria-hidden=\"true\"> <\/div><\/div><div class=\"ad-container\"> <\/div><\/div>\t\t\t\t\t\t\t\t<\/div>\n\t\t\t\t<\/div>\n\t\t\t\t\t<\/div>\n\t\t\t\t<\/div>\n\t\t\t\t\t<\/div>\n\t\t\t\t<\/div>\n\t\t<div class=\"elementor-element elementor-element-73d677f e-flex e-con-boxed e-con e-parent\" data-id=\"73d677f\" data-element_type=\"container\" data-e-type=\"container\" data-settings=\"{&quot;background_background&quot;:&quot;classic&quot;}\">\n\t\t\t\t\t<div class=\"e-con-inner\">\n\t\t\t\t\t<\/div>\n\t\t\t\t<\/div>\n\t\t<div class=\"elementor-element elementor-element-1fee964 e-flex e-con-boxed e-con e-parent\" data-id=\"1fee964\" data-element_type=\"container\" data-e-type=\"container\">\n\t\t\t\t\t<div class=\"e-con-inner\">\n\t\t<div class=\"elementor-element elementor-element-e76d2da e-flex e-con-boxed e-con e-child\" data-id=\"e76d2da\" data-element_type=\"container\" data-e-type=\"container\">\n\t\t\t\t\t<div class=\"e-con-inner\">\n\t\t\t\t<div class=\"elementor-element elementor-element-f91f4a0 elementor-widget__width-inherit elementor-widget elementor-widget-heading\" data-id=\"f91f4a0\" data-element_type=\"widget\" data-e-type=\"widget\" data-widget_type=\"heading.default\">\n\t\t\t\t<div class=\"elementor-widget-container\">\n\t\t\t\t\t<h2 class=\"elementor-heading-title elementor-size-default\">R\u00c9SERVE TON EXP\u00c9DITION<\/h2>\t\t\t\t<\/div>\n\t\t\t\t<\/div>\n\t\t\t\t<div class=\"elementor-element elementor-element-dafab38 elementor-widget elementor-widget-text-editor\" data-id=\"dafab38\" data-element_type=\"widget\" data-e-type=\"widget\" data-widget_type=\"text-editor.default\">\n\t\t\t\t<div class=\"elementor-widget-container\">\n\t\t\t\t\t\t\t\t\t<p><a class=\"tooltip-target\" href=\"http:\/\/booking\" target=\"_blank\" rel=\"noopener\" data-citationid=\"8bc07945-cf65-394e-6058-9c709ac52098-3-group\" data-wplink-url-error=\"true\"><span style=\"vertical-align: inherit;\"><span style=\"vertical-align: inherit;\">\u00ab\u00a0Bienvenue dans nos exp\u00e9ditions palpitantes. Pr\u00eat \u00e0 vivre des aventures inoubliables ? R\u00e9serve ta place d\u00e8s maintenant et pr\u00e9pare-toi \u00e0 explorer des destinations incroyables.  <a class=\"tooltip-target\" href=\"https:\/\/andesport.net\/reservation\/?lang=fr\" target=\"_blank\" rel=\"noopener\" data-citationid=\"8bc07945-cf65-394e-6058-9c709ac52098-3-group\">Clique pour r\u00e9server ta prochaine aventure !\u00a0\u00bb<\/a><\/span><\/span><\/a><\/p>\n<div class=\"elementor-element elementor-element-7566caf elementor-mobile-align-center elementor-widget elementor-widget-button\" data-id=\"7566caf\" data-element_type=\"widget\" data-widget_type=\"button.default\">\n<div class=\"elementor-widget-container\">\n<div class=\"elementor-button-wrapper\"> <\/div>\n<\/div>\n<\/div>\n\t\t\t\t\t\t\t\t<\/div>\n\t\t\t\t<\/div>\n\t\t\t\t<div class=\"elementor-element elementor-element-ae107b1 elementor-align-left elementor-widget elementor-widget-button\" data-id=\"ae107b1\" data-element_type=\"widget\" data-e-type=\"widget\" data-widget_type=\"button.default\">\n\t\t\t\t<div class=\"elementor-widget-container\">\n\t\t\t\t\t\t\t\t\t<div class=\"elementor-button-wrapper\">\n\t\t\t\t\t<a class=\"elementor-button elementor-button-link elementor-size-sm\" href=\"https:\/\/andesport.net\/reservation\/?lang=fr\">\n\t\t\t\t\t\t<span class=\"elementor-button-content-wrapper\">\n\t\t\t\t\t\t<span class=\"elementor-button-icon\">\n\t\t\t\t<svg aria-hidden=\"true\" class=\"e-font-icon-svg e-far-calendar-check\" viewBox=\"0 0 448 512\" xmlns=\"http:\/\/www.w3.org\/2000\/svg\"><path d=\"M400 64h-48V12c0-6.627-5.373-12-12-12h-40c-6.627 0-12 5.373-12 12v52H160V12c0-6.627-5.373-12-12-12h-40c-6.627 0-12 5.373-12 12v52H48C21.49 64 0 85.49 0 112v352c0 26.51 21.49 48 48 48h352c26.51 0 48-21.49 48-48V112c0-26.51-21.49-48-48-48zm-6 400H54a6 6 0 0 1-6-6V160h352v298a6 6 0 0 1-6 6zm-52.849-200.65L198.842 404.519c-4.705 4.667-12.303 4.637-16.971-.068l-75.091-75.699c-4.667-4.705-4.637-12.303.068-16.971l22.719-22.536c4.705-4.667 12.303-4.637 16.97.069l44.104 44.461 111.072-110.181c4.705-4.667 12.303-4.637 16.971.068l22.536 22.718c4.667 4.705 4.636 12.303-.069 16.97z\"><\/path><\/svg>\t\t\t<\/span>\n\t\t\t\t\t\t\t\t\t<span class=\"elementor-button-text\">R\u00e9servation<\/span>\n\t\t\t\t\t<\/span>\n\t\t\t\t\t<\/a>\n\t\t\t\t<\/div>\n\t\t\t\t\t\t\t\t<\/div>\n\t\t\t\t<\/div>\n\t\t\t\t\t<\/div>\n\t\t\t\t<\/div>\n\t\t<div class=\"elementor-element elementor-element-1c7486d e-flex e-con-boxed e-con e-child\" data-id=\"1c7486d\" data-element_type=\"container\" data-e-type=\"container\">\n\t\t\t\t\t<div class=\"e-con-inner\">\n\t\t\t\t<div class=\"elementor-element elementor-element-b52a827 elementor-widget__width-inherit elementor-arrows-position-inside elementor-widget elementor-widget-image-carousel\" data-id=\"b52a827\" data-element_type=\"widget\" data-e-type=\"widget\" data-settings=\"{&quot;slides_to_show&quot;:&quot;1&quot;,&quot;navigation&quot;:&quot;arrows&quot;,&quot;autoplay&quot;:&quot;yes&quot;,&quot;pause_on_hover&quot;:&quot;yes&quot;,&quot;pause_on_interaction&quot;:&quot;yes&quot;,&quot;autoplay_speed&quot;:5000,&quot;infinite&quot;:&quot;yes&quot;,&quot;effect&quot;:&quot;slide&quot;,&quot;speed&quot;:500}\" data-widget_type=\"image-carousel.default\">\n\t\t\t\t<div class=\"elementor-widget-container\">\n\t\t\t\t\t\t\t<div class=\"elementor-image-carousel-wrapper swiper\" role=\"region\" aria-roledescription=\"carousel\" aria-label=\"Carrousel d\u2019images\" dir=\"ltr\">\n\t\t\t<div class=\"elementor-image-carousel swiper-wrapper\" aria-live=\"off\">\n\t\t\t\t\t\t\t\t<div class=\"swiper-slide\" role=\"group\" aria-roledescription=\"slide\" aria-label=\"1 sur 4\"><figure class=\"swiper-slide-inner\"><img decoding=\"async\" class=\"swiper-slide-image\" src=\"https:\/\/andesport.net\/wp-content\/uploads\/2024\/04\/image_2024-04-29_104821723.png\" alt=\"Aconcagua Horcones\" \/><\/figure><\/div><div class=\"swiper-slide\" role=\"group\" aria-roledescription=\"slide\" aria-label=\"2 sur 4\"><figure class=\"swiper-slide-inner\"><img decoding=\"async\" class=\"swiper-slide-image\" src=\"https:\/\/andesport.net\/wp-content\/uploads\/2024\/04\/image_2024-04-29_104757663.png\" alt=\"Aconcagua Guides\" \/><\/figure><\/div><div class=\"swiper-slide\" role=\"group\" aria-roledescription=\"slide\" aria-label=\"3 sur 4\"><figure class=\"swiper-slide-inner\"><img decoding=\"async\" class=\"swiper-slide-image\" src=\"https:\/\/andesport.net\/wp-content\/uploads\/2024\/04\/image_2024-04-29_104751181.png\" alt=\"Aconcagua Groups\" \/><\/figure><\/div><div class=\"swiper-slide\" role=\"group\" aria-roledescription=\"slide\" aria-label=\"4 sur 4\"><figure class=\"swiper-slide-inner\"><img decoding=\"async\" class=\"swiper-slide-image\" src=\"https:\/\/andesport.net\/wp-content\/uploads\/2024\/04\/image_2024-04-29_104745089.png\" alt=\"Aconcagua\" \/><\/figure><\/div>\t\t\t<\/div>\n\t\t\t\t\t\t\t\t\t\t\t\t<div class=\"elementor-swiper-button elementor-swiper-button-prev\" role=\"button\" tabindex=\"0\">\n\t\t\t\t\t\t<svg aria-hidden=\"true\" class=\"e-font-icon-svg e-eicon-chevron-left\" viewBox=\"0 0 1000 1000\" xmlns=\"http:\/\/www.w3.org\/2000\/svg\"><path d=\"M646 125C629 125 613 133 604 142L308 442C296 454 292 471 292 487 292 504 296 521 308 533L604 854C617 867 629 875 646 875 663 875 679 871 692 858 704 846 713 829 713 812 713 796 708 779 692 767L438 487 692 225C700 217 708 204 708 187 708 171 704 154 692 142 675 129 663 125 646 125Z\"><\/path><\/svg>\t\t\t\t\t<\/div>\n\t\t\t\t\t<div class=\"elementor-swiper-button elementor-swiper-button-next\" role=\"button\" tabindex=\"0\">\n\t\t\t\t\t\t<svg aria-hidden=\"true\" class=\"e-font-icon-svg e-eicon-chevron-right\" viewBox=\"0 0 1000 1000\" xmlns=\"http:\/\/www.w3.org\/2000\/svg\"><path d=\"M696 533C708 521 713 504 713 487 713 471 708 454 696 446L400 146C388 133 375 125 354 125 338 125 325 129 313 142 300 154 292 171 292 187 292 204 296 221 308 233L563 492 304 771C292 783 288 800 288 817 288 833 296 850 308 863 321 871 338 875 354 875 371 875 388 867 400 854L696 533Z\"><\/path><\/svg>\t\t\t\t\t<\/div>\n\t\t\t\t\n\t\t\t\t\t\t\t\t\t<\/div>\n\t\t\t\t\t\t<\/div>\n\t\t\t\t<\/div>\n\t\t\t\t\t<\/div>\n\t\t\t\t<\/div>\n\t\t\t\t\t<\/div>\n\t\t\t\t<\/div>\n\t\t\t\t<\/div>\n\t\t","protected":false},"excerpt":{"rendered":"<p>\u00c0 PROPOS DE NOUS Andesport : Ta porte d&rsquo;entr\u00e9e pour l&rsquo;aventure dans le majestueux Aconcagua R\u00eaves-tu de conqu\u00e9rir les hauteurs ? As-tu envie de vivre des exp\u00e9riences uniques en montagne ? \u00c0 Andesport, nous sommes plus qu&rsquo;une simple entreprise d&rsquo;exp\u00e9dition. Nous sommes tes compagnons de voyage, tes guides et tes alli\u00e9s \u00e0 chaque \u00e9tape vers [&hellip;]<\/p>\n","protected":false},"author":1,"featured_media":0,"parent":0,"menu_order":0,"comment_status":"closed","ping_status":"closed","template":"","meta":{"site-sidebar-layout":"no-sidebar","site-content-layout":"","ast-site-content-layout":"full-width-container","site-content-style":"default","site-sidebar-style":"default","ast-global-header-display":"","ast-banner-title-visibility":"","ast-main-header-display":"","ast-hfb-above-header-display":"","ast-hfb-below-header-display":"","ast-hfb-mobile-header-display":"","site-post-title":"disabled","ast-breadcrumbs-content":"","ast-featured-img":"disabled","footer-sml-layout":"","ast-disable-related-posts":"","theme-transparent-header-meta":"","adv-header-id-meta":"","stick-header-meta":"","header-above-stick-meta":"","header-main-stick-meta":"","header-below-stick-meta":"","astra-migrate-meta-layouts":"default","ast-page-background-enabled":"default","ast-page-background-meta":{"desktop":{"background-color":"var(--ast-global-color-4)","background-image":"","background-repeat":"repeat","background-position":"center center","background-size":"auto","background-attachment":"scroll","background-type":"","background-media":"","overlay-type":"","overlay-color":"","overlay-opacity":"","overlay-gradient":""},"tablet":{"background-color":"","background-image":"","background-repeat":"repeat","background-position":"center center","background-size":"auto","background-attachment":"scroll","background-type":"","background-media":"","overlay-type":"","overlay-color":"","overlay-opacity":"","overlay-gradient":""},"mobile":{"background-color":"","background-image":"","background-repeat":"repeat","background-position":"center center","background-size":"auto","background-attachment":"scroll","background-type":"","background-media":"","overlay-type":"","overlay-color":"","overlay-opacity":"","overlay-gradient":""}},"ast-content-background-meta":{"desktop":{"background-color":"var(--ast-global-color-5)","background-image":"","background-repeat":"repeat","background-position":"center center","background-size":"auto","background-attachment":"scroll","background-type":"","background-media":"","overlay-type":"","overlay-color":"","overlay-opacity":"","overlay-gradient":""},"tablet":{"background-color":"var(--ast-global-color-5)","background-image":"","background-repeat":"repeat","background-position":"center center","background-size":"auto","background-attachment":"scroll","background-type":"","background-media":"","overlay-type":"","overlay-color":"","overlay-opacity":"","overlay-gradient":""},"mobile":{"background-color":"var(--ast-global-color-5)","background-image":"","background-repeat":"repeat","background-position":"center center","background-size":"auto","background-attachment":"scroll","background-type":"","background-media":"","overlay-type":"","overlay-color":"","overlay-opacity":"","overlay-gradient":""}},"footnotes":""},"class_list":["post-3144","page","type-page","status-publish","hentry"],"_links":{"self":[{"href":"https:\/\/andesport.net\/fr\/wp-json\/wp\/v2\/pages\/3144","targetHints":{"allow":["GET"]}}],"collection":[{"href":"https:\/\/andesport.net\/fr\/wp-json\/wp\/v2\/pages"}],"about":[{"href":"https:\/\/andesport.net\/fr\/wp-json\/wp\/v2\/types\/page"}],"author":[{"embeddable":true,"href":"https:\/\/andesport.net\/fr\/wp-json\/wp\/v2\/users\/1"}],"replies":[{"embeddable":true,"href":"https:\/\/andesport.net\/fr\/wp-json\/wp\/v2\/comments?post=3144"}],"version-history":[{"count":18,"href":"https:\/\/andesport.net\/fr\/wp-json\/wp\/v2\/pages\/3144\/revisions"}],"predecessor-version":[{"id":4498,"href":"https:\/\/andesport.net\/fr\/wp-json\/wp\/v2\/pages\/3144\/revisions\/4498"}],"wp:attachment":[{"href":"https:\/\/andesport.net\/fr\/wp-json\/wp\/v2\/media?parent=3144"}],"curies":[{"name":"wp","href":"https:\/\/api.w.org\/{rel}","templated":true}]}}