{"id":2928,"date":"2024-04-11T16:02:24","date_gmt":"2024-04-11T19:02:24","guid":{"rendered":"https:\/\/andesport.net\/escalade-de-laconcagua\/"},"modified":"2024-06-23T20:17:36","modified_gmt":"2024-06-23T23:17:36","slug":"escalade-de-laconcagua","status":"publish","type":"page","link":"https:\/\/andesport.net\/fr\/escalade-de-laconcagua\/","title":{"rendered":"Escalade de l&rsquo;Aconcagua"},"content":{"rendered":"\t\t<div data-elementor-type=\"wp-page\" data-elementor-id=\"2928\" class=\"elementor elementor-2928 elementor-1327\" data-elementor-post-type=\"page\">\n\t\t\t\t<div class=\"elementor-element elementor-element-4f0c220 e-flex e-con-boxed e-con e-parent\" data-id=\"4f0c220\" data-element_type=\"container\" data-e-type=\"container\" data-settings=\"{&quot;background_background&quot;:&quot;classic&quot;}\">\n\t\t\t\t\t<div class=\"e-con-inner\">\n\t\t\t\t<div class=\"elementor-element elementor-element-7a45b39 elementor-widget elementor-widget-heading\" data-id=\"7a45b39\" data-element_type=\"widget\" data-e-type=\"widget\" data-widget_type=\"heading.default\">\n\t\t\t\t<div class=\"elementor-widget-container\">\n\t\t\t\t\t<h1 class=\"elementor-heading-title elementor-size-default\">ESCALADE DE L'ACONCAGUA<\/h1>\t\t\t\t<\/div>\n\t\t\t\t<\/div>\n\t\t\t\t\t<\/div>\n\t\t\t\t<\/div>\n\t\t<div class=\"elementor-element elementor-element-0a7efc9 e-flex e-con-boxed e-con e-parent\" data-id=\"0a7efc9\" data-element_type=\"container\" data-e-type=\"container\">\n\t\t\t\t\t<div class=\"e-con-inner\">\n\t\t<div class=\"elementor-element elementor-element-de3941d e-con-full e-flex e-con e-child\" data-id=\"de3941d\" data-element_type=\"container\" data-e-type=\"container\" data-settings=\"{&quot;background_background&quot;:&quot;classic&quot;}\">\n\t\t\t\t<div class=\"elementor-element elementor-element-8a27014 elementor-widget elementor-widget-image\" data-id=\"8a27014\" data-element_type=\"widget\" data-e-type=\"widget\" data-widget_type=\"image.default\">\n\t\t\t\t<div class=\"elementor-widget-container\">\n\t\t\t\t\t\t\t\t\t\t\t\t\t\t\t\t<a href=\"https:\/\/andesport.net\/route-normale-de-laconcagua\/?lang=fr\">\n\t\t\t\t\t\t\t<img fetchpriority=\"high\" decoding=\"async\" width=\"400\" height=\"250\" src=\"https:\/\/andesport.net\/wp-content\/uploads\/2024\/04\/image_2024-04-12_104237849.png\" class=\"attachment-large size-large wp-image-2474\" alt=\"Aconcagua Normal Route\" srcset=\"https:\/\/andesport.net\/wp-content\/uploads\/2024\/04\/image_2024-04-12_104237849.png 400w, https:\/\/andesport.net\/wp-content\/uploads\/2024\/04\/image_2024-04-12_104237849-300x188.png 300w\" sizes=\"(max-width: 400px) 100vw, 400px\" \/>\t\t\t\t\t\t\t\t<\/a>\n\t\t\t\t\t\t\t\t\t\t\t\t\t\t\t<\/div>\n\t\t\t\t<\/div>\n\t\t\t\t<div class=\"elementor-element elementor-element-0f8b745 elementor-widget__width-inherit elementor-widget elementor-widget-heading\" data-id=\"0f8b745\" data-element_type=\"widget\" data-e-type=\"widget\" data-widget_type=\"heading.default\">\n\t\t\t\t<div class=\"elementor-widget-container\">\n\t\t\t\t\t<h2 class=\"elementor-heading-title elementor-size-default\"><a href=\"https:\/\/andesport.net\/route-normale-de-laconcagua\/?lang=fr\">ACONCAGUA ROUTE NORMALE<\/a><\/h2>\t\t\t\t<\/div>\n\t\t\t\t<\/div>\n\t\t\t\t<div class=\"elementor-element elementor-element-48c2e63 elementor-widget elementor-widget-text-editor\" data-id=\"48c2e63\" data-element_type=\"widget\" data-e-type=\"widget\" data-widget_type=\"text-editor.default\">\n\t\t\t\t<div class=\"elementor-widget-container\">\n\t\t\t\t\t\t\t\t\t<p><a href=\"https:\/\/andesport.net\/route-normale-de-laconcagua\/?lang=fr\">Le mont Aconcagua est l&rsquo;une des plus grandes aventures qu&rsquo;un alpiniste et un aventurier puissent trouver. Avec ses 6962 m, c&rsquo;est la plus haute montagne du continent am\u00e9ricain.<\/a><\/p>\n<p><a href=\"https:\/\/andesport.net\/route-normale-de-laconcagua\/?lang=fr\">En savoir plus<\/a><\/p>\n\t\t\t\t\t\t\t\t<\/div>\n\t\t\t\t<\/div>\n\t\t\t\t<\/div>\n\t\t<div class=\"elementor-element elementor-element-15d6258 e-con-full e-flex e-con e-child\" data-id=\"15d6258\" data-element_type=\"container\" data-e-type=\"container\" data-settings=\"{&quot;background_background&quot;:&quot;classic&quot;}\">\n\t\t\t\t<div class=\"elementor-element elementor-element-be0ba48 elementor-widget elementor-widget-image\" data-id=\"be0ba48\" data-element_type=\"widget\" data-e-type=\"widget\" data-widget_type=\"image.default\">\n\t\t\t\t<div class=\"elementor-widget-container\">\n\t\t\t\t\t\t\t\t\t\t\t\t\t\t\t\t<a href=\"https:\/\/andesport.net\/traversee-du-glacier-polonais-de-laconcagua\/?lang=fr\">\n\t\t\t\t\t\t\t<img decoding=\"async\" width=\"400\" height=\"250\" src=\"https:\/\/andesport.net\/wp-content\/uploads\/2024\/04\/image_2024-04-12_104258165.png\" class=\"attachment-large size-large wp-image-2476\" alt=\"Aconcagua Polish Glacier Traverse Route\" srcset=\"https:\/\/andesport.net\/wp-content\/uploads\/2024\/04\/image_2024-04-12_104258165.png 400w, https:\/\/andesport.net\/wp-content\/uploads\/2024\/04\/image_2024-04-12_104258165-300x188.png 300w\" sizes=\"(max-width: 400px) 100vw, 400px\" \/>\t\t\t\t\t\t\t\t<\/a>\n\t\t\t\t\t\t\t\t\t\t\t\t\t\t\t<\/div>\n\t\t\t\t<\/div>\n\t\t\t\t<div class=\"elementor-element elementor-element-7c86f5a elementor-widget__width-inherit elementor-widget elementor-widget-heading\" data-id=\"7c86f5a\" data-element_type=\"widget\" data-e-type=\"widget\" data-widget_type=\"heading.default\">\n\t\t\t\t<div class=\"elementor-widget-container\">\n\t\t\t\t\t<h2 class=\"elementor-heading-title elementor-size-default\"><a href=\"https:\/\/andesport.net\/traversee-du-glacier-polonais-de-laconcagua\/?lang=fr\">TRAVERS\u00c9E DE L'ACONCAGUA 360<\/a><\/h2>\t\t\t\t<\/div>\n\t\t\t\t<\/div>\n\t\t\t\t<div class=\"elementor-element elementor-element-ae28353 elementor-widget elementor-widget-text-editor\" data-id=\"ae28353\" data-element_type=\"widget\" data-e-type=\"widget\" data-widget_type=\"text-editor.default\">\n\t\t\t\t<div class=\"elementor-widget-container\">\n\t\t\t\t\t\t\t\t\t<p><a href=\"https:\/\/andesport.net\/traversee-du-glacier-polonais-de-laconcagua\/?lang=fr\">L&rsquo;Aconcagua Traverse 360 est le plus complet des itin\u00e9raires. En parcourant ce chemin, tu croiseras la magnificence de la route des glaciers polonais.<\/a><\/p>\n<p><a href=\"https:\/\/andesport.net\/traversee-du-glacier-polonais-de-laconcagua\/?lang=fr\">En savoir plus<\/a><\/p>\n\t\t\t\t\t\t\t\t<\/div>\n\t\t\t\t<\/div>\n\t\t\t\t<\/div>\n\t\t<div class=\"elementor-element elementor-element-5ec0cbd e-con-full e-flex e-con e-child\" data-id=\"5ec0cbd\" data-element_type=\"container\" data-e-type=\"container\" data-settings=\"{&quot;background_background&quot;:&quot;classic&quot;}\">\n\t\t\t\t<div class=\"elementor-element elementor-element-d180140 elementor-widget elementor-widget-image\" data-id=\"d180140\" data-element_type=\"widget\" data-e-type=\"widget\" data-widget_type=\"image.default\">\n\t\t\t\t<div class=\"elementor-widget-container\">\n\t\t\t\t\t\t\t\t\t\t\t\t\t\t\t\t<a href=\"https:\/\/andesport.net\/escalade-de-laconcagua-avec-des-services-logistiques\/?lang=fr\">\n\t\t\t\t\t\t\t<img decoding=\"async\" width=\"400\" height=\"250\" src=\"https:\/\/andesport.net\/wp-content\/uploads\/2024\/04\/image_2024-04-16_112712362.png\" class=\"attachment-large size-large wp-image-2492\" alt=\"Aconcagua Climb\" srcset=\"https:\/\/andesport.net\/wp-content\/uploads\/2024\/04\/image_2024-04-16_112712362.png 400w, https:\/\/andesport.net\/wp-content\/uploads\/2024\/04\/image_2024-04-16_112712362-300x188.png 300w\" sizes=\"(max-width: 400px) 100vw, 400px\" \/>\t\t\t\t\t\t\t\t<\/a>\n\t\t\t\t\t\t\t\t\t\t\t\t\t\t\t<\/div>\n\t\t\t\t<\/div>\n\t\t\t\t<div class=\"elementor-element elementor-element-181a991 elementor-widget__width-inherit elementor-widget elementor-widget-heading\" data-id=\"181a991\" data-element_type=\"widget\" data-e-type=\"widget\" data-widget_type=\"heading.default\">\n\t\t\t\t<div class=\"elementor-widget-container\">\n\t\t\t\t\t<h2 class=\"elementor-heading-title elementor-size-default\"><a href=\"https:\/\/andesport.net\/escalade-de-laconcagua-avec-des-services-logistiques\/?lang=fr\">ESCALADER L'ACONCAGUA SANS GUIDE<\/a><\/h2>\t\t\t\t<\/div>\n\t\t\t\t<\/div>\n\t\t\t\t<div class=\"elementor-element elementor-element-147e6ed elementor-widget elementor-widget-text-editor\" data-id=\"147e6ed\" data-element_type=\"widget\" data-e-type=\"widget\" data-widget_type=\"text-editor.default\">\n\t\t\t\t<div class=\"elementor-widget-container\">\n\t\t\t\t\t\t\t\t\t<p><a href=\"https:\/\/andesport.net\/escalade-de-laconcagua-avec-des-services-logistiques\/?lang=fr\">Choisir les itin\u00e9raires que tu souhaites emprunter, les horaires, les services et tout le reste&#8230;.<\/a><\/p>\n<p><a href=\"https:\/\/andesport.net\/escalade-de-laconcagua-avec-des-services-logistiques\/?lang=fr\">En savoir plus<\/a><\/p>\n\t\t\t\t\t\t\t\t<\/div>\n\t\t\t\t<\/div>\n\t\t\t\t<\/div>\n\t\t<div class=\"elementor-element elementor-element-8e88b9d e-con-full e-flex e-con e-child\" data-id=\"8e88b9d\" data-element_type=\"container\" data-e-type=\"container\" data-settings=\"{&quot;background_background&quot;:&quot;classic&quot;}\">\n\t\t\t\t<div class=\"elementor-element elementor-element-13c8994 elementor-widget elementor-widget-image\" data-id=\"13c8994\" data-element_type=\"widget\" data-e-type=\"widget\" data-widget_type=\"image.default\">\n\t\t\t\t<div class=\"elementor-widget-container\">\n\t\t\t\t\t\t\t\t\t\t\t\t\t\t\t\t<a href=\"https:\/\/andesport.net\/south-face-trekking\/\">\n\t\t\t\t\t\t\t<img loading=\"lazy\" decoding=\"async\" width=\"400\" height=\"250\" src=\"https:\/\/andesport.net\/wp-content\/uploads\/2024\/04\/image_2024-04-12_104315401.png\" class=\"attachment-large size-large wp-image-2478\" alt=\"Aconcagua Trekking\" srcset=\"https:\/\/andesport.net\/wp-content\/uploads\/2024\/04\/image_2024-04-12_104315401.png 400w, https:\/\/andesport.net\/wp-content\/uploads\/2024\/04\/image_2024-04-12_104315401-300x188.png 300w\" sizes=\"(max-width: 400px) 100vw, 400px\" \/>\t\t\t\t\t\t\t\t<\/a>\n\t\t\t\t\t\t\t\t\t\t\t\t\t\t\t<\/div>\n\t\t\t\t<\/div>\n\t\t\t\t<div class=\"elementor-element elementor-element-c49daab elementor-widget__width-inherit elementor-widget elementor-widget-heading\" data-id=\"c49daab\" data-element_type=\"widget\" data-e-type=\"widget\" data-widget_type=\"heading.default\">\n\t\t\t\t<div class=\"elementor-widget-container\">\n\t\t\t\t\t<h2 class=\"elementor-heading-title elementor-size-default\"><a href=\"https:\/\/andesport.net\/south-face-trekking\/\">TREKKING ACONCAGUA FACE SUD<\/a><\/h2>\t\t\t\t<\/div>\n\t\t\t\t<\/div>\n\t\t\t\t<div class=\"elementor-element elementor-element-b8d2f4d elementor-widget elementor-widget-text-editor\" data-id=\"b8d2f4d\" data-element_type=\"widget\" data-e-type=\"widget\" data-widget_type=\"text-editor.default\">\n\t\t\t\t<div class=\"elementor-widget-container\">\n\t\t\t\t\t\t\t\t\t<p><a href=\"https:\/\/andesport.net\/south-face-trekking\/\">Gr\u00e2ce \u00e0 ce trekking, nous atteindrons la merveilleuse face sud qui se trouve \u00e0 une altitude de&#8230;..<\/a><\/p>\n<p><a href=\"https:\/\/andesport.net\/south-face-trekking\/\">En savoir plus<\/a><\/p>\n\t\t\t\t\t\t\t\t<\/div>\n\t\t\t\t<\/div>\n\t\t\t\t<\/div>\n\t\t\t\t\t<\/div>\n\t\t\t\t<\/div>\n\t\t\t\t<\/div>\n\t\t","protected":false},"excerpt":{"rendered":"<p>ESCALADE DE L&rsquo;ACONCAGUA ACONCAGUA ROUTE NORMALE Le mont Aconcagua est l&rsquo;une des plus grandes aventures qu&rsquo;un alpiniste et un aventurier puissent trouver. Avec ses 6962 m, c&rsquo;est la plus haute montagne du continent am\u00e9ricain. En savoir plus TRAVERS\u00c9E DE L&rsquo;ACONCAGUA 360 L&rsquo;Aconcagua Traverse 360 est le plus complet des itin\u00e9raires. En parcourant ce chemin, tu [&hellip;]<\/p>\n","protected":false},"author":1,"featured_media":0,"parent":0,"menu_order":0,"comment_status":"closed","ping_status":"closed","template":"","meta":{"site-sidebar-layout":"no-sidebar","site-content-layout":"","ast-site-content-layout":"full-width-container","site-content-style":"default","site-sidebar-style":"default","ast-global-header-display":"","ast-banner-title-visibility":"","ast-main-header-display":"","ast-hfb-above-header-display":"","ast-hfb-below-header-display":"","ast-hfb-mobile-header-display":"","site-post-title":"disabled","ast-breadcrumbs-content":"","ast-featured-img":"disabled","footer-sml-layout":"","ast-disable-related-posts":"","theme-transparent-header-meta":"","adv-header-id-meta":"","stick-header-meta":"","header-above-stick-meta":"","header-main-stick-meta":"","header-below-stick-meta":"","astra-migrate-meta-layouts":"default","ast-page-background-enabled":"default","ast-page-background-meta":{"desktop":{"background-color":"var(--ast-global-color-4)","background-image":"","background-repeat":"repeat","background-position":"center center","background-size":"auto","background-attachment":"scroll","background-type":"","background-media":"","overlay-type":"","overlay-color":"","overlay-opacity":"","overlay-gradient":""},"tablet":{"background-color":"","background-image":"","background-repeat":"repeat","background-position":"center center","background-size":"auto","background-attachment":"scroll","background-type":"","background-media":"","overlay-type":"","overlay-color":"","overlay-opacity":"","overlay-gradient":""},"mobile":{"background-color":"","background-image":"","background-repeat":"repeat","background-position":"center center","background-size":"auto","background-attachment":"scroll","background-type":"","background-media":"","overlay-type":"","overlay-color":"","overlay-opacity":"","overlay-gradient":""}},"ast-content-background-meta":{"desktop":{"background-color":"var(--ast-global-color-5)","background-image":"","background-repeat":"repeat","background-position":"center center","background-size":"auto","background-attachment":"scroll","background-type":"","background-media":"","overlay-type":"","overlay-color":"","overlay-opacity":"","overlay-gradient":""},"tablet":{"background-color":"var(--ast-global-color-5)","background-image":"","background-repeat":"repeat","background-position":"center center","background-size":"auto","background-attachment":"scroll","background-type":"","background-media":"","overlay-type":"","overlay-color":"","overlay-opacity":"","overlay-gradient":""},"mobile":{"background-color":"var(--ast-global-color-5)","background-image":"","background-repeat":"repeat","background-position":"center center","background-size":"auto","background-attachment":"scroll","background-type":"","background-media":"","overlay-type":"","overlay-color":"","overlay-opacity":"","overlay-gradient":""}},"footnotes":""},"class_list":["post-2928","page","type-page","status-publish","hentry"],"_links":{"self":[{"href":"https:\/\/andesport.net\/fr\/wp-json\/wp\/v2\/pages\/2928","targetHints":{"allow":["GET"]}}],"collection":[{"href":"https:\/\/andesport.net\/fr\/wp-json\/wp\/v2\/pages"}],"about":[{"href":"https:\/\/andesport.net\/fr\/wp-json\/wp\/v2\/types\/page"}],"author":[{"embeddable":true,"href":"https:\/\/andesport.net\/fr\/wp-json\/wp\/v2\/users\/1"}],"replies":[{"embeddable":true,"href":"https:\/\/andesport.net\/fr\/wp-json\/wp\/v2\/comments?post=2928"}],"version-history":[{"count":7,"href":"https:\/\/andesport.net\/fr\/wp-json\/wp\/v2\/pages\/2928\/revisions"}],"predecessor-version":[{"id":3323,"href":"https:\/\/andesport.net\/fr\/wp-json\/wp\/v2\/pages\/2928\/revisions\/3323"}],"wp:attachment":[{"href":"https:\/\/andesport.net\/fr\/wp-json\/wp\/v2\/media?parent=2928"}],"curies":[{"name":"wp","href":"https:\/\/api.w.org\/{rel}","templated":true}]}}