{"id":2980,"date":"2024-04-16T14:17:11","date_gmt":"2024-04-16T17:17:11","guid":{"rendered":"https:\/\/andesport.net\/aconcagua-servicios-logisticos\/"},"modified":"2025-01-28T15:58:06","modified_gmt":"2025-01-28T18:58:06","slug":"aconcagua-servicios-logisticos","status":"publish","type":"page","link":"https:\/\/andesport.net\/es\/aconcagua-servicios-logisticos\/","title":{"rendered":"Aconcagua Servicios Log\u00edsticos"},"content":{"rendered":"\t\t<div data-elementor-type=\"wp-page\" data-elementor-id=\"2980\" class=\"elementor elementor-2980 elementor-1580\" data-elementor-post-type=\"page\">\n\t\t\t\t<div class=\"elementor-element elementor-element-accc37e e-flex e-con-boxed e-con e-parent\" data-id=\"accc37e\" data-element_type=\"container\" data-e-type=\"container\" data-settings=\"{&quot;background_background&quot;:&quot;classic&quot;}\">\n\t\t\t\t\t<div class=\"e-con-inner\">\n\t\t\t\t<div class=\"elementor-element elementor-element-3bdd429 elementor-widget elementor-widget-heading\" data-id=\"3bdd429\" data-element_type=\"widget\" data-e-type=\"widget\" data-widget_type=\"heading.default\">\n\t\t\t\t<div class=\"elementor-widget-container\">\n\t\t\t\t\t<h1 class=\"elementor-heading-title elementor-size-default\">ACONCAGUA SERVICIOS LOG\u00cdSTICOS<\/h1>\t\t\t\t<\/div>\n\t\t\t\t<\/div>\n\t\t\t\t\t<\/div>\n\t\t\t\t<\/div>\n\t\t<div class=\"elementor-element elementor-element-4c0f778 e-flex e-con-boxed e-con e-parent\" data-id=\"4c0f778\" data-element_type=\"container\" data-e-type=\"container\">\n\t\t\t\t\t<div class=\"e-con-inner\">\n\t\t<div class=\"elementor-element elementor-element-b3b53b3 e-con-full e-flex e-con e-child\" data-id=\"b3b53b3\" data-element_type=\"container\" data-e-type=\"container\" data-settings=\"{&quot;background_background&quot;:&quot;classic&quot;}\">\n\t\t\t\t<div class=\"elementor-element elementor-element-dbfb8c4 elementor-widget elementor-widget-image\" data-id=\"dbfb8c4\" data-element_type=\"widget\" data-e-type=\"widget\" data-widget_type=\"image.default\">\n\t\t\t\t<div class=\"elementor-widget-container\">\n\t\t\t\t\t\t\t\t\t\t\t\t\t\t\t\t<a href=\"https:\/\/andesport.net\/aconcagua-con-servicios-logisticos\/?lang=es\">\n\t\t\t\t\t\t\t<img fetchpriority=\"high\" decoding=\"async\" width=\"400\" height=\"250\" src=\"https:\/\/andesport.net\/wp-content\/uploads\/2024\/04\/image_2024-04-16_112712362.png\" class=\"attachment-large size-large wp-image-2493\" alt=\"Aconcagua Climb\" srcset=\"https:\/\/andesport.net\/wp-content\/uploads\/2024\/04\/image_2024-04-16_112712362.png 400w, https:\/\/andesport.net\/wp-content\/uploads\/2024\/04\/image_2024-04-16_112712362-300x188.png 300w\" sizes=\"(max-width: 400px) 100vw, 400px\" \/>\t\t\t\t\t\t\t\t<\/a>\n\t\t\t\t\t\t\t\t\t\t\t\t\t\t\t<\/div>\n\t\t\t\t<\/div>\n\t\t\t\t<div class=\"elementor-element elementor-element-47c8385 elementor-widget__width-inherit elementor-widget elementor-widget-heading\" data-id=\"47c8385\" data-element_type=\"widget\" data-e-type=\"widget\" data-widget_type=\"heading.default\">\n\t\t\t\t<div class=\"elementor-widget-container\">\n\t\t\t\t\t<h2 class=\"elementor-heading-title elementor-size-default\"><a href=\"https:\/\/andesport.net\/aconcagua-con-servicios-logisticos\/?lang=es\">ACONCAGUA SERVICIOS LOG\u00cdSTICOS<\/a><\/h2>\t\t\t\t<\/div>\n\t\t\t\t<\/div>\n\t\t\t\t<div class=\"elementor-element elementor-element-ffe07ec elementor-widget elementor-widget-text-editor\" data-id=\"ffe07ec\" data-element_type=\"widget\" data-e-type=\"widget\" data-widget_type=\"text-editor.default\">\n\t\t\t\t<div class=\"elementor-widget-container\">\n\t\t\t\t\t\t\t\t\t<p>Personaliza tu expedici\u00f3n eligiendo fechas, n\u00famero de miembros del grupo, ruta y todo lo que quieras.<\/p>\n<p><a href=\"https:\/\/andesport.net\/aconcagua-con-servicios-logisticos\/?lang=es\">Ver m\u00e1s<\/a><\/p>\n\t\t\t\t\t\t\t\t<\/div>\n\t\t\t\t<\/div>\n\t\t\t\t<\/div>\n\t\t<div class=\"elementor-element elementor-element-97f0465 e-con-full e-flex e-con e-child\" data-id=\"97f0465\" data-element_type=\"container\" data-e-type=\"container\" data-settings=\"{&quot;background_background&quot;:&quot;classic&quot;}\">\n\t\t\t\t<div class=\"elementor-element elementor-element-f0c6713 elementor-widget elementor-widget-image\" data-id=\"f0c6713\" data-element_type=\"widget\" data-e-type=\"widget\" data-widget_type=\"image.default\">\n\t\t\t\t<div class=\"elementor-widget-container\">\n\t\t\t\t\t\t\t\t\t\t\t\t\t\t\t\t<a href=\"https:\/\/andesport.net\/mulas-en-aconcagua\/?lang=es\">\n\t\t\t\t\t\t\t<img decoding=\"async\" width=\"400\" height=\"250\" src=\"https:\/\/andesport.net\/wp-content\/uploads\/2024\/04\/image_2024-04-16_112729955.png\" class=\"attachment-large size-large wp-image-2495\" alt=\"Aconcagua Mules Services\" srcset=\"https:\/\/andesport.net\/wp-content\/uploads\/2024\/04\/image_2024-04-16_112729955.png 400w, https:\/\/andesport.net\/wp-content\/uploads\/2024\/04\/image_2024-04-16_112729955-300x188.png 300w\" sizes=\"(max-width: 400px) 100vw, 400px\" \/>\t\t\t\t\t\t\t\t<\/a>\n\t\t\t\t\t\t\t\t\t\t\t\t\t\t\t<\/div>\n\t\t\t\t<\/div>\n\t\t\t\t<div class=\"elementor-element elementor-element-811b19c elementor-widget__width-inherit elementor-widget elementor-widget-heading\" data-id=\"811b19c\" data-element_type=\"widget\" data-e-type=\"widget\" data-widget_type=\"heading.default\">\n\t\t\t\t<div class=\"elementor-widget-container\">\n\t\t\t\t\t<h2 class=\"elementor-heading-title elementor-size-default\">SERVICIOS MULES<\/h2>\t\t\t\t<\/div>\n\t\t\t\t<\/div>\n\t\t\t\t<div class=\"elementor-element elementor-element-d70d5f4 elementor-widget elementor-widget-text-editor\" data-id=\"d70d5f4\" data-element_type=\"widget\" data-e-type=\"widget\" data-widget_type=\"text-editor.default\">\n\t\t\t\t<div class=\"elementor-widget-container\">\n\t\t\t\t\t\t\t\t\t<p><a href=\"https:\/\/andesport.net\/mulas-en-aconcagua\/?lang=es\">Las mulas son el motor y el combustible de los servicios log\u00edsticos en Aconcagua. Conectan la base de la monta\u00f1a con los campamentos base. CONSULTA NUESTRAS TARIFAS<\/a><\/p>\n<p><a href=\"https:\/\/andesport.net\/mulas-en-aconcagua\/?lang=es\">Ver m\u00e1s<\/a><\/p>\n\t\t\t\t\t\t\t\t<\/div>\n\t\t\t\t<\/div>\n\t\t\t\t<\/div>\n\t\t<div class=\"elementor-element elementor-element-a158fbe e-con-full e-flex e-con e-child\" data-id=\"a158fbe\" data-element_type=\"container\" data-e-type=\"container\" data-settings=\"{&quot;background_background&quot;:&quot;classic&quot;}\">\n\t\t\t\t<div class=\"elementor-element elementor-element-bb60f19 elementor-widget elementor-widget-image\" data-id=\"bb60f19\" data-element_type=\"widget\" data-e-type=\"widget\" data-widget_type=\"image.default\">\n\t\t\t\t<div class=\"elementor-widget-container\">\n\t\t\t\t\t\t\t\t\t\t\t\t\t\t\t\t<a href=\"https:\/\/andesport.net\/campo-base-del-aconcagua\/?lang=es\">\n\t\t\t\t\t\t\t<img decoding=\"async\" width=\"400\" height=\"250\" src=\"https:\/\/andesport.net\/wp-content\/uploads\/2024\/04\/image_2024-04-16_112749132.png\" class=\"attachment-large size-large wp-image-2497\" alt=\"Aconcagua Base Camp\" srcset=\"https:\/\/andesport.net\/wp-content\/uploads\/2024\/04\/image_2024-04-16_112749132.png 400w, https:\/\/andesport.net\/wp-content\/uploads\/2024\/04\/image_2024-04-16_112749132-300x188.png 300w\" sizes=\"(max-width: 400px) 100vw, 400px\" \/>\t\t\t\t\t\t\t\t<\/a>\n\t\t\t\t\t\t\t\t\t\t\t\t\t\t\t<\/div>\n\t\t\t\t<\/div>\n\t\t\t\t<div class=\"elementor-element elementor-element-502b309 elementor-widget__width-inherit elementor-widget elementor-widget-heading\" data-id=\"502b309\" data-element_type=\"widget\" data-e-type=\"widget\" data-widget_type=\"heading.default\">\n\t\t\t\t<div class=\"elementor-widget-container\">\n\t\t\t\t\t<h2 class=\"elementor-heading-title elementor-size-default\"><a href=\"https:\/\/andesport.net\/campo-base-del-aconcagua\/?lang=es\">SERVICIOS DE LOS CAMPAMENTOS BASE<\/a><\/h2>\t\t\t\t<\/div>\n\t\t\t\t<\/div>\n\t\t\t\t<div class=\"elementor-element elementor-element-baa1e4a elementor-widget elementor-widget-text-editor\" data-id=\"baa1e4a\" data-element_type=\"widget\" data-e-type=\"widget\" data-widget_type=\"text-editor.default\">\n\t\t\t\t<div class=\"elementor-widget-container\">\n\t\t\t\t\t\t\t\t\t<p><a href=\"https:\/\/andesport.net\/campo-base-del-aconcagua\/?lang=es\">Una combinaci\u00f3n de nutrici\u00f3n,aclimataci\u00f3n; es fundamental para tener \u00e9xito en la monta\u00f1a CONSULTA NUESTRAS TARIFAS<\/a><\/p>\n<p><a href=\"https:\/\/andesport.net\/campo-base-del-aconcagua\/?lang=es\">Ver m\u00e1s<\/a><\/p>\n\t\t\t\t\t\t\t\t<\/div>\n\t\t\t\t<\/div>\n\t\t\t\t<\/div>\n\t\t\t\t\t<\/div>\n\t\t\t\t<\/div>\n\t\t<div class=\"elementor-element elementor-element-15989e8 e-flex e-con-boxed e-con e-parent\" data-id=\"15989e8\" data-element_type=\"container\" data-e-type=\"container\">\n\t\t\t\t\t<div class=\"e-con-inner\">\n\t\t<div class=\"elementor-element elementor-element-2611704 e-con-full e-flex e-con e-child\" data-id=\"2611704\" data-element_type=\"container\" data-e-type=\"container\" data-settings=\"{&quot;background_background&quot;:&quot;classic&quot;}\">\n\t\t\t\t<div class=\"elementor-element elementor-element-b7c1670 elementor-widget elementor-widget-image\" data-id=\"b7c1670\" data-element_type=\"widget\" data-e-type=\"widget\" data-widget_type=\"image.default\">\n\t\t\t\t<div class=\"elementor-widget-container\">\n\t\t\t\t\t\t\t\t\t\t\t\t\t\t\t\t<a href=\"https:\/\/andesport.net\/permisos-de-ingreso-al-aconcagua\/?lang=es\">\n\t\t\t\t\t\t\t<img loading=\"lazy\" decoding=\"async\" width=\"400\" height=\"250\" src=\"https:\/\/andesport.net\/wp-content\/uploads\/2024\/04\/image_2024-04-16_112959780.png\" class=\"attachment-large size-large wp-image-2499\" alt=\"Aconcagua Climbing\" srcset=\"https:\/\/andesport.net\/wp-content\/uploads\/2024\/04\/image_2024-04-16_112959780.png 400w, https:\/\/andesport.net\/wp-content\/uploads\/2024\/04\/image_2024-04-16_112959780-300x188.png 300w\" sizes=\"(max-width: 400px) 100vw, 400px\" \/>\t\t\t\t\t\t\t\t<\/a>\n\t\t\t\t\t\t\t\t\t\t\t\t\t\t\t<\/div>\n\t\t\t\t<\/div>\n\t\t\t\t<div class=\"elementor-element elementor-element-38fb6f5 elementor-widget__width-inherit elementor-widget elementor-widget-heading\" data-id=\"38fb6f5\" data-element_type=\"widget\" data-e-type=\"widget\" data-widget_type=\"heading.default\">\n\t\t\t\t<div class=\"elementor-widget-container\">\n\t\t\t\t\t<h2 class=\"elementor-heading-title elementor-size-default\"><a href=\"https:\/\/andesport.net\/permisos-de-ingreso-al-aconcagua\/?lang=es\">PERMISOS DE ESCALADA ACONCAGUA<\/a><\/h2>\t\t\t\t<\/div>\n\t\t\t\t<\/div>\n\t\t\t\t<div class=\"elementor-element elementor-element-ceed708 elementor-widget elementor-widget-text-editor\" data-id=\"ceed708\" data-element_type=\"widget\" data-e-type=\"widget\" data-widget_type=\"text-editor.default\">\n\t\t\t\t<div class=\"elementor-widget-container\">\n\t\t\t\t\t\t\t\t\t<p><a href=\"https:\/\/andesport.net\/permisos-de-ingreso-al-aconcagua\/?lang=es\">Para entrar en el Parque Provincial del Monte Aconcagua es necesario obtener un Permiso de Escalada al Monte Aconcagua.<\/a><\/p>\n<p><a href=\"https:\/\/andesport.net\/permisos-de-ingreso-al-aconcagua\/?lang=es\">Ver m\u00e1s<\/a><\/p>\n\t\t\t\t\t\t\t\t<\/div>\n\t\t\t\t<\/div>\n\t\t\t\t<\/div>\n\t\t<div class=\"elementor-element elementor-element-c99e416 e-con-full e-flex e-con e-child\" data-id=\"c99e416\" data-element_type=\"container\" data-e-type=\"container\" data-settings=\"{&quot;background_background&quot;:&quot;classic&quot;}\">\n\t\t\t\t<\/div>\n\t\t<div class=\"elementor-element elementor-element-ccdebce e-con-full e-flex e-con e-child\" data-id=\"ccdebce\" data-element_type=\"container\" data-e-type=\"container\" data-settings=\"{&quot;background_background&quot;:&quot;classic&quot;}\">\n\t\t\t\t<\/div>\n\t\t\t\t\t<\/div>\n\t\t\t\t<\/div>\n\t\t<div class=\"elementor-element elementor-element-5155b4b e-flex e-con-boxed e-con e-parent\" data-id=\"5155b4b\" data-element_type=\"container\" data-e-type=\"container\">\n\t\t\t\t\t<div class=\"e-con-inner\">\n\t\t<div class=\"elementor-element elementor-element-c672eb8 e-flex e-con-boxed e-con e-child\" data-id=\"c672eb8\" data-element_type=\"container\" data-e-type=\"container\">\n\t\t\t\t\t<div class=\"e-con-inner\">\n\t\t\t\t<div class=\"elementor-element elementor-element-f1a9acc elementor-widget__width-inherit elementor-widget elementor-widget-heading\" data-id=\"f1a9acc\" data-element_type=\"widget\" data-e-type=\"widget\" data-widget_type=\"heading.default\">\n\t\t\t\t<div class=\"elementor-widget-container\">\n\t\t\t\t\t<h2 class=\"elementor-heading-title elementor-size-default\">RESERVA TU EXPEDICI\u00d3N<\/h2>\t\t\t\t<\/div>\n\t\t\t\t<\/div>\n\t\t\t\t<div class=\"elementor-element elementor-element-c356e5e elementor-widget elementor-widget-text-editor\" data-id=\"c356e5e\" data-element_type=\"widget\" data-e-type=\"widget\" data-widget_type=\"text-editor.default\">\n\t\t\t\t<div class=\"elementor-widget-container\">\n\t\t\t\t\t\t\t\t\t<p>Contacta con nosotros para reservar, <strong style=\"font-size: 16px;\">\u00a1\u00a1\u00a1Donde vive la aventura!!!<\/strong><\/p>\n<div class=\"elementor-element elementor-element-7566caf elementor-mobile-align-center elementor-widget elementor-widget-button\" data-id=\"7566caf\" data-element_type=\"widget\" data-widget_type=\"button.default\">\n<div class=\"elementor-widget-container\">\n<div class=\"elementor-button-wrapper\">&nbsp;<\/div>\n<\/div>\n<\/div>\t\t\t\t\t\t\t\t<\/div>\n\t\t\t\t<\/div>\n\t\t\t\t<div class=\"elementor-element elementor-element-a126d72 elementor-align-left elementor-widget elementor-widget-button\" data-id=\"a126d72\" data-element_type=\"widget\" data-e-type=\"widget\" data-widget_type=\"button.default\">\n\t\t\t\t<div class=\"elementor-widget-container\">\n\t\t\t\t\t\t\t\t\t<div class=\"elementor-button-wrapper\">\n\t\t\t\t\t<a class=\"elementor-button elementor-button-link elementor-size-sm\" href=\"https:\/\/andesport.net\/reserva\/?lang=es\">\n\t\t\t\t\t\t<span class=\"elementor-button-content-wrapper\">\n\t\t\t\t\t\t<span class=\"elementor-button-icon\">\n\t\t\t\t<svg aria-hidden=\"true\" class=\"e-font-icon-svg e-far-calendar-check\" viewBox=\"0 0 448 512\" xmlns=\"http:\/\/www.w3.org\/2000\/svg\"><path d=\"M400 64h-48V12c0-6.627-5.373-12-12-12h-40c-6.627 0-12 5.373-12 12v52H160V12c0-6.627-5.373-12-12-12h-40c-6.627 0-12 5.373-12 12v52H48C21.49 64 0 85.49 0 112v352c0 26.51 21.49 48 48 48h352c26.51 0 48-21.49 48-48V112c0-26.51-21.49-48-48-48zm-6 400H54a6 6 0 0 1-6-6V160h352v298a6 6 0 0 1-6 6zm-52.849-200.65L198.842 404.519c-4.705 4.667-12.303 4.637-16.971-.068l-75.091-75.699c-4.667-4.705-4.637-12.303.068-16.971l22.719-22.536c4.705-4.667 12.303-4.637 16.97.069l44.104 44.461 111.072-110.181c4.705-4.667 12.303-4.637 16.971.068l22.536 22.718c4.667 4.705 4.636 12.303-.069 16.97z\"><\/path><\/svg>\t\t\t<\/span>\n\t\t\t\t\t\t\t\t\t<span class=\"elementor-button-text\">Reserva<\/span>\n\t\t\t\t\t<\/span>\n\t\t\t\t\t<\/a>\n\t\t\t\t<\/div>\n\t\t\t\t\t\t\t\t<\/div>\n\t\t\t\t<\/div>\n\t\t\t\t\t<\/div>\n\t\t\t\t<\/div>\n\t\t<div class=\"elementor-element elementor-element-394ad0b e-flex e-con-boxed e-con e-child\" data-id=\"394ad0b\" data-element_type=\"container\" data-e-type=\"container\">\n\t\t\t\t\t<div class=\"e-con-inner\">\n\t\t\t\t<div class=\"elementor-element elementor-element-a5643e7 elementor-widget__width-initial elementor-arrows-position-inside elementor-widget elementor-widget-image-carousel\" data-id=\"a5643e7\" data-element_type=\"widget\" data-e-type=\"widget\" data-settings=\"{&quot;slides_to_show&quot;:&quot;1&quot;,&quot;navigation&quot;:&quot;arrows&quot;,&quot;autoplay&quot;:&quot;yes&quot;,&quot;pause_on_hover&quot;:&quot;yes&quot;,&quot;pause_on_interaction&quot;:&quot;yes&quot;,&quot;autoplay_speed&quot;:5000,&quot;infinite&quot;:&quot;yes&quot;,&quot;effect&quot;:&quot;slide&quot;,&quot;speed&quot;:500}\" data-widget_type=\"image-carousel.default\">\n\t\t\t\t<div class=\"elementor-widget-container\">\n\t\t\t\t\t\t\t<div class=\"elementor-image-carousel-wrapper swiper\" role=\"region\" aria-roledescription=\"carousel\" aria-label=\"Carrusel de im\u00e1genes\" dir=\"ltr\">\n\t\t\t<div class=\"elementor-image-carousel swiper-wrapper\" aria-live=\"off\">\n\t\t\t\t\t\t\t\t<div class=\"swiper-slide\" role=\"group\" aria-roledescription=\"slide\" aria-label=\"1 de 7\"><figure class=\"swiper-slide-inner\"><img decoding=\"async\" class=\"swiper-slide-image\" src=\"https:\/\/andesport.net\/wp-content\/uploads\/2024\/04\/image_2024-04-29_104821723-300x300.png\" alt=\"Aconcagua Horcones\" \/><\/figure><\/div><div class=\"swiper-slide\" role=\"group\" aria-roledescription=\"slide\" aria-label=\"2 de 7\"><figure class=\"swiper-slide-inner\"><img decoding=\"async\" class=\"swiper-slide-image\" src=\"https:\/\/andesport.net\/wp-content\/uploads\/2024\/04\/image_2024-04-29_104815494-300x300.png\" alt=\"Aconcagua High Camps\" \/><\/figure><\/div><div class=\"swiper-slide\" role=\"group\" aria-roledescription=\"slide\" aria-label=\"3 de 7\"><figure class=\"swiper-slide-inner\"><img decoding=\"async\" class=\"swiper-slide-image\" src=\"https:\/\/andesport.net\/wp-content\/uploads\/2024\/04\/image_2024-04-29_104808256-300x300.png\" alt=\"Aconcagua High Camps\" \/><\/figure><\/div><div class=\"swiper-slide\" role=\"group\" aria-roledescription=\"slide\" aria-label=\"4 de 7\"><figure class=\"swiper-slide-inner\"><img decoding=\"async\" class=\"swiper-slide-image\" src=\"https:\/\/andesport.net\/wp-content\/uploads\/2024\/04\/image_2024-04-29_104757663-300x300.png\" alt=\"Aconcagua Guides\" \/><\/figure><\/div><div class=\"swiper-slide\" role=\"group\" aria-roledescription=\"slide\" aria-label=\"5 de 7\"><figure class=\"swiper-slide-inner\"><img decoding=\"async\" class=\"swiper-slide-image\" src=\"https:\/\/andesport.net\/wp-content\/uploads\/2024\/04\/image_2024-04-29_104751181-300x300.png\" alt=\"Aconcagua Groups\" \/><\/figure><\/div><div class=\"swiper-slide\" role=\"group\" aria-roledescription=\"slide\" aria-label=\"6 de 7\"><figure class=\"swiper-slide-inner\"><img decoding=\"async\" class=\"swiper-slide-image\" src=\"https:\/\/andesport.net\/wp-content\/uploads\/2024\/04\/image_2024-04-29_104745089-300x300.png\" alt=\"Aconcagua\" \/><\/figure><\/div><div class=\"swiper-slide\" role=\"group\" aria-roledescription=\"slide\" aria-label=\"7 de 7\"><figure class=\"swiper-slide-inner\"><img decoding=\"async\" class=\"swiper-slide-image\" src=\"https:\/\/andesport.net\/wp-content\/uploads\/2024\/04\/image_2024-04-29_104737685-300x300.png\" alt=\"Aconcagua Polish Glacier\" \/><\/figure><\/div>\t\t\t<\/div>\n\t\t\t\t\t\t\t\t\t\t\t\t<div class=\"elementor-swiper-button elementor-swiper-button-prev\" role=\"button\" tabindex=\"0\">\n\t\t\t\t\t\t<svg aria-hidden=\"true\" class=\"e-font-icon-svg e-eicon-chevron-left\" viewBox=\"0 0 1000 1000\" xmlns=\"http:\/\/www.w3.org\/2000\/svg\"><path d=\"M646 125C629 125 613 133 604 142L308 442C296 454 292 471 292 487 292 504 296 521 308 533L604 854C617 867 629 875 646 875 663 875 679 871 692 858 704 846 713 829 713 812 713 796 708 779 692 767L438 487 692 225C700 217 708 204 708 187 708 171 704 154 692 142 675 129 663 125 646 125Z\"><\/path><\/svg>\t\t\t\t\t<\/div>\n\t\t\t\t\t<div class=\"elementor-swiper-button elementor-swiper-button-next\" role=\"button\" tabindex=\"0\">\n\t\t\t\t\t\t<svg aria-hidden=\"true\" class=\"e-font-icon-svg e-eicon-chevron-right\" viewBox=\"0 0 1000 1000\" xmlns=\"http:\/\/www.w3.org\/2000\/svg\"><path d=\"M696 533C708 521 713 504 713 487 713 471 708 454 696 446L400 146C388 133 375 125 354 125 338 125 325 129 313 142 300 154 292 171 292 187 292 204 296 221 308 233L563 492 304 771C292 783 288 800 288 817 288 833 296 850 308 863 321 871 338 875 354 875 371 875 388 867 400 854L696 533Z\"><\/path><\/svg>\t\t\t\t\t<\/div>\n\t\t\t\t\n\t\t\t\t\t\t\t\t\t<\/div>\n\t\t\t\t\t\t<\/div>\n\t\t\t\t<\/div>\n\t\t\t\t\t<\/div>\n\t\t\t\t<\/div>\n\t\t\t\t\t<\/div>\n\t\t\t\t<\/div>\n\t\t\t\t<\/div>\n\t\t","protected":false},"excerpt":{"rendered":"<p>ACONCAGUA SERVICIOS LOG\u00cdSTICOS ACONCAGUA SERVICIOS LOG\u00cdSTICOS Personaliza tu expedici\u00f3n eligiendo fechas, n\u00famero de miembros del grupo, ruta y todo lo que quieras. Ver m\u00e1s SERVICIOS MULES Las mulas son el motor y el combustible de los servicios log\u00edsticos en Aconcagua. Conectan la base de la monta\u00f1a con los campamentos base. CONSULTA NUESTRAS TARIFAS Ver m\u00e1s [&hellip;]<\/p>\n","protected":false},"author":1,"featured_media":0,"parent":0,"menu_order":0,"comment_status":"closed","ping_status":"closed","template":"","meta":{"site-sidebar-layout":"no-sidebar","site-content-layout":"","ast-site-content-layout":"full-width-container","site-content-style":"default","site-sidebar-style":"default","ast-global-header-display":"","ast-banner-title-visibility":"","ast-main-header-display":"","ast-hfb-above-header-display":"","ast-hfb-below-header-display":"","ast-hfb-mobile-header-display":"","site-post-title":"disabled","ast-breadcrumbs-content":"","ast-featured-img":"disabled","footer-sml-layout":"","ast-disable-related-posts":"","theme-transparent-header-meta":"","adv-header-id-meta":"","stick-header-meta":"","header-above-stick-meta":"","header-main-stick-meta":"","header-below-stick-meta":"","astra-migrate-meta-layouts":"default","ast-page-background-enabled":"default","ast-page-background-meta":{"desktop":{"background-color":"var(--ast-global-color-4)","background-image":"","background-repeat":"repeat","background-position":"center center","background-size":"auto","background-attachment":"scroll","background-type":"","background-media":"","overlay-type":"","overlay-color":"","overlay-opacity":"","overlay-gradient":""},"tablet":{"background-color":"","background-image":"","background-repeat":"repeat","background-position":"center center","background-size":"auto","background-attachment":"scroll","background-type":"","background-media":"","overlay-type":"","overlay-color":"","overlay-opacity":"","overlay-gradient":""},"mobile":{"background-color":"","background-image":"","background-repeat":"repeat","background-position":"center center","background-size":"auto","background-attachment":"scroll","background-type":"","background-media":"","overlay-type":"","overlay-color":"","overlay-opacity":"","overlay-gradient":""}},"ast-content-background-meta":{"desktop":{"background-color":"var(--ast-global-color-5)","background-image":"","background-repeat":"repeat","background-position":"center center","background-size":"auto","background-attachment":"scroll","background-type":"","background-media":"","overlay-type":"","overlay-color":"","overlay-opacity":"","overlay-gradient":""},"tablet":{"background-color":"var(--ast-global-color-5)","background-image":"","background-repeat":"repeat","background-position":"center center","background-size":"auto","background-attachment":"scroll","background-type":"","background-media":"","overlay-type":"","overlay-color":"","overlay-opacity":"","overlay-gradient":""},"mobile":{"background-color":"var(--ast-global-color-5)","background-image":"","background-repeat":"repeat","background-position":"center center","background-size":"auto","background-attachment":"scroll","background-type":"","background-media":"","overlay-type":"","overlay-color":"","overlay-opacity":"","overlay-gradient":""}},"footnotes":""},"class_list":["post-2980","page","type-page","status-publish","hentry"],"_links":{"self":[{"href":"https:\/\/andesport.net\/es\/wp-json\/wp\/v2\/pages\/2980","targetHints":{"allow":["GET"]}}],"collection":[{"href":"https:\/\/andesport.net\/es\/wp-json\/wp\/v2\/pages"}],"about":[{"href":"https:\/\/andesport.net\/es\/wp-json\/wp\/v2\/types\/page"}],"author":[{"embeddable":true,"href":"https:\/\/andesport.net\/es\/wp-json\/wp\/v2\/users\/1"}],"replies":[{"embeddable":true,"href":"https:\/\/andesport.net\/es\/wp-json\/wp\/v2\/comments?post=2980"}],"version-history":[{"count":5,"href":"https:\/\/andesport.net\/es\/wp-json\/wp\/v2\/pages\/2980\/revisions"}],"predecessor-version":[{"id":4335,"href":"https:\/\/andesport.net\/es\/wp-json\/wp\/v2\/pages\/2980\/revisions\/4335"}],"wp:attachment":[{"href":"https:\/\/andesport.net\/es\/wp-json\/wp\/v2\/media?parent=2980"}],"curies":[{"name":"wp","href":"https:\/\/api.w.org\/{rel}","templated":true}]}}