{"id":2929,"date":"2024-04-11T16:02:24","date_gmt":"2024-04-11T19:02:24","guid":{"rendered":"https:\/\/andesport.net\/escalar-el-aconcagua\/"},"modified":"2024-06-23T20:17:03","modified_gmt":"2024-06-23T23:17:03","slug":"expediciones-en-el-aconcagua","status":"publish","type":"page","link":"https:\/\/andesport.net\/es\/expediciones-en-el-aconcagua\/","title":{"rendered":"Escalar el Aconcagua"},"content":{"rendered":"\t\t<div data-elementor-type=\"wp-page\" data-elementor-id=\"2929\" class=\"elementor elementor-2929 elementor-1327\" data-elementor-post-type=\"page\">\n\t\t\t\t<div class=\"elementor-element elementor-element-4f0c220 e-flex e-con-boxed e-con e-parent\" data-id=\"4f0c220\" data-element_type=\"container\" data-e-type=\"container\" data-settings=\"{&quot;background_background&quot;:&quot;classic&quot;}\">\n\t\t\t\t\t<div class=\"e-con-inner\">\n\t\t\t\t<div class=\"elementor-element elementor-element-7a45b39 elementor-widget elementor-widget-heading\" data-id=\"7a45b39\" data-element_type=\"widget\" data-e-type=\"widget\" data-widget_type=\"heading.default\">\n\t\t\t\t<div class=\"elementor-widget-container\">\n\t\t\t\t\t<h1 class=\"elementor-heading-title elementor-size-default\">ESCALADA AL ACONCAGUA<\/h1>\t\t\t\t<\/div>\n\t\t\t\t<\/div>\n\t\t\t\t\t<\/div>\n\t\t\t\t<\/div>\n\t\t<div class=\"elementor-element elementor-element-0a7efc9 e-flex e-con-boxed e-con e-parent\" data-id=\"0a7efc9\" data-element_type=\"container\" data-e-type=\"container\">\n\t\t\t\t\t<div class=\"e-con-inner\">\n\t\t<div class=\"elementor-element elementor-element-de3941d e-con-full e-flex e-con e-child\" data-id=\"de3941d\" data-element_type=\"container\" data-e-type=\"container\" data-settings=\"{&quot;background_background&quot;:&quot;classic&quot;}\">\n\t\t\t\t<div class=\"elementor-element elementor-element-8a27014 elementor-widget elementor-widget-image\" data-id=\"8a27014\" data-element_type=\"widget\" data-e-type=\"widget\" data-widget_type=\"image.default\">\n\t\t\t\t<div class=\"elementor-widget-container\">\n\t\t\t\t\t\t\t\t\t\t\t\t\t\t\t\t<a href=\"https:\/\/andesport.net\/aconcagua-ruta-normal\/?lang=es\">\n\t\t\t\t\t\t\t<img fetchpriority=\"high\" decoding=\"async\" width=\"400\" height=\"250\" src=\"https:\/\/andesport.net\/wp-content\/uploads\/2024\/04\/image_2024-04-12_104237849.png\" class=\"attachment-large size-large wp-image-2475\" alt=\"Aconcagua Normal Route\" srcset=\"https:\/\/andesport.net\/wp-content\/uploads\/2024\/04\/image_2024-04-12_104237849.png 400w, https:\/\/andesport.net\/wp-content\/uploads\/2024\/04\/image_2024-04-12_104237849-300x188.png 300w\" sizes=\"(max-width: 400px) 100vw, 400px\" \/>\t\t\t\t\t\t\t\t<\/a>\n\t\t\t\t\t\t\t\t\t\t\t\t\t\t\t<\/div>\n\t\t\t\t<\/div>\n\t\t\t\t<div class=\"elementor-element elementor-element-0f8b745 elementor-widget__width-inherit elementor-widget elementor-widget-heading\" data-id=\"0f8b745\" data-element_type=\"widget\" data-e-type=\"widget\" data-widget_type=\"heading.default\">\n\t\t\t\t<div class=\"elementor-widget-container\">\n\t\t\t\t\t<h2 class=\"elementor-heading-title elementor-size-default\"><a href=\"https:\/\/andesport.net\/aconcagua-ruta-normal\/?lang=es\">ACONCAGUA RUTA NORMAL<\/a><\/h2>\t\t\t\t<\/div>\n\t\t\t\t<\/div>\n\t\t\t\t<div class=\"elementor-element elementor-element-48c2e63 elementor-widget elementor-widget-text-editor\" data-id=\"48c2e63\" data-element_type=\"widget\" data-e-type=\"widget\" data-widget_type=\"text-editor.default\">\n\t\t\t\t<div class=\"elementor-widget-container\">\n\t\t\t\t\t\t\t\t\t<p><a href=\"https:\/\/andesport.net\/aconcagua-ruta-normal\/?lang=es\">El monte Aconcagua es una de las mayores aventuras que puede encontrar un escalador y aventurero. Con 6962 m es la monta\u00f1a m\u00e1s alta del continente americano.<\/a><\/p>\n<p><a href=\"https:\/\/andesport.net\/aconcagua-ruta-normal\/?lang=es\">Ver m\u00e1s<\/a><\/p>\n\t\t\t\t\t\t\t\t<\/div>\n\t\t\t\t<\/div>\n\t\t\t\t<\/div>\n\t\t<div class=\"elementor-element elementor-element-15d6258 e-con-full e-flex e-con e-child\" data-id=\"15d6258\" data-element_type=\"container\" data-e-type=\"container\" data-settings=\"{&quot;background_background&quot;:&quot;classic&quot;}\">\n\t\t\t\t<div class=\"elementor-element elementor-element-be0ba48 elementor-widget elementor-widget-image\" data-id=\"be0ba48\" data-element_type=\"widget\" data-e-type=\"widget\" data-widget_type=\"image.default\">\n\t\t\t\t<div class=\"elementor-widget-container\">\n\t\t\t\t\t\t\t\t\t\t\t\t\t\t\t\t<a href=\"https:\/\/andesport.net\/travesia-del-glaciar-polacos\/?lang=es\">\n\t\t\t\t\t\t\t<img decoding=\"async\" width=\"400\" height=\"250\" src=\"https:\/\/andesport.net\/wp-content\/uploads\/2024\/04\/image_2024-04-12_104258165.png\" class=\"attachment-large size-large wp-image-2477\" alt=\"Aconcagua Polish Glacier Traverse Route\" srcset=\"https:\/\/andesport.net\/wp-content\/uploads\/2024\/04\/image_2024-04-12_104258165.png 400w, https:\/\/andesport.net\/wp-content\/uploads\/2024\/04\/image_2024-04-12_104258165-300x188.png 300w\" sizes=\"(max-width: 400px) 100vw, 400px\" \/>\t\t\t\t\t\t\t\t<\/a>\n\t\t\t\t\t\t\t\t\t\t\t\t\t\t\t<\/div>\n\t\t\t\t<\/div>\n\t\t\t\t<div class=\"elementor-element elementor-element-7c86f5a elementor-widget__width-inherit elementor-widget elementor-widget-heading\" data-id=\"7c86f5a\" data-element_type=\"widget\" data-e-type=\"widget\" data-widget_type=\"heading.default\">\n\t\t\t\t<div class=\"elementor-widget-container\">\n\t\t\t\t\t<h2 class=\"elementor-heading-title elementor-size-default\"><a href=\"https:\/\/andesport.net\/travesia-del-glaciar-polacos\/?lang=es\">ACONCAGUA TRAVES\u00cdA 360<\/a><\/h2>\t\t\t\t<\/div>\n\t\t\t\t<\/div>\n\t\t\t\t<div class=\"elementor-element elementor-element-ae28353 elementor-widget elementor-widget-text-editor\" data-id=\"ae28353\" data-element_type=\"widget\" data-e-type=\"widget\" data-widget_type=\"text-editor.default\">\n\t\t\t\t<div class=\"elementor-widget-container\">\n\t\t\t\t\t\t\t\t\t<p><a href=\"https:\/\/andesport.net\/travesia-del-glaciar-polacos\/?lang=es\">La Traves\u00eda 360 del Aconcagua es la m\u00e1s completa de las rutas. Al adentrarte en esta traves\u00eda, atravesar\u00e1s la magnificencia de la Ruta de los Glaciares Polacos<\/a><\/p>\n<p><a href=\"https:\/\/andesport.net\/travesia-del-glaciar-polacos\/?lang=es\">Ver m\u00e1s<\/a><\/p>\n\t\t\t\t\t\t\t\t<\/div>\n\t\t\t\t<\/div>\n\t\t\t\t<\/div>\n\t\t<div class=\"elementor-element elementor-element-5ec0cbd e-con-full e-flex e-con e-child\" data-id=\"5ec0cbd\" data-element_type=\"container\" data-e-type=\"container\" data-settings=\"{&quot;background_background&quot;:&quot;classic&quot;}\">\n\t\t\t\t<div class=\"elementor-element elementor-element-d180140 elementor-widget elementor-widget-image\" data-id=\"d180140\" data-element_type=\"widget\" data-e-type=\"widget\" data-widget_type=\"image.default\">\n\t\t\t\t<div class=\"elementor-widget-container\">\n\t\t\t\t\t\t\t\t\t\t\t\t\t\t\t\t<a href=\"https:\/\/andesport.net\/aconcagua-con-servicios-logisticos\/?lang=es\">\n\t\t\t\t\t\t\t<img decoding=\"async\" width=\"400\" height=\"250\" src=\"https:\/\/andesport.net\/wp-content\/uploads\/2024\/04\/image_2024-04-16_112712362.png\" class=\"attachment-large size-large wp-image-2493\" alt=\"Aconcagua Climb\" srcset=\"https:\/\/andesport.net\/wp-content\/uploads\/2024\/04\/image_2024-04-16_112712362.png 400w, https:\/\/andesport.net\/wp-content\/uploads\/2024\/04\/image_2024-04-16_112712362-300x188.png 300w\" sizes=\"(max-width: 400px) 100vw, 400px\" \/>\t\t\t\t\t\t\t\t<\/a>\n\t\t\t\t\t\t\t\t\t\t\t\t\t\t\t<\/div>\n\t\t\t\t<\/div>\n\t\t\t\t<div class=\"elementor-element elementor-element-181a991 elementor-widget__width-inherit elementor-widget elementor-widget-heading\" data-id=\"181a991\" data-element_type=\"widget\" data-e-type=\"widget\" data-widget_type=\"heading.default\">\n\t\t\t\t<div class=\"elementor-widget-container\">\n\t\t\t\t\t<h2 class=\"elementor-heading-title elementor-size-default\"><a href=\"https:\/\/andesport.net\/aconcagua-con-servicios-logisticos\/?lang=es\">SUBIR AL ACONCAGUA SIN GU\u00cdA<\/a><\/h2>\t\t\t\t<\/div>\n\t\t\t\t<\/div>\n\t\t\t\t<div class=\"elementor-element elementor-element-147e6ed elementor-widget elementor-widget-text-editor\" data-id=\"147e6ed\" data-element_type=\"widget\" data-e-type=\"widget\" data-widget_type=\"text-editor.default\">\n\t\t\t\t<div class=\"elementor-widget-container\">\n\t\t\t\t\t\t\t\t\t<p><a href=\"https:\/\/andesport.net\/aconcagua-con-servicios-logisticos\/?lang=es\">Elegir las rutas por las que quieres pasar, horarios, servicios y todo&#8230;<\/a><\/p>\n<p><a href=\"https:\/\/andesport.net\/aconcagua-con-servicios-logisticos\/?lang=es\">Ver m\u00e1s<\/a><\/p>\n\t\t\t\t\t\t\t\t<\/div>\n\t\t\t\t<\/div>\n\t\t\t\t<\/div>\n\t\t<div class=\"elementor-element elementor-element-8e88b9d e-con-full e-flex e-con e-child\" data-id=\"8e88b9d\" data-element_type=\"container\" data-e-type=\"container\" data-settings=\"{&quot;background_background&quot;:&quot;classic&quot;}\">\n\t\t\t\t<div class=\"elementor-element elementor-element-13c8994 elementor-widget elementor-widget-image\" data-id=\"13c8994\" data-element_type=\"widget\" data-e-type=\"widget\" data-widget_type=\"image.default\">\n\t\t\t\t<div class=\"elementor-widget-container\">\n\t\t\t\t\t\t\t\t\t\t\t\t\t\t\t\t<a href=\"https:\/\/andesport.net\/south-face-trekking\/\">\n\t\t\t\t\t\t\t<img loading=\"lazy\" decoding=\"async\" width=\"400\" height=\"250\" src=\"https:\/\/andesport.net\/wp-content\/uploads\/2024\/04\/image_2024-04-12_104315401.png\" class=\"attachment-large size-large wp-image-2479\" alt=\"Aconcagua Trekking\" srcset=\"https:\/\/andesport.net\/wp-content\/uploads\/2024\/04\/image_2024-04-12_104315401.png 400w, https:\/\/andesport.net\/wp-content\/uploads\/2024\/04\/image_2024-04-12_104315401-300x188.png 300w\" sizes=\"(max-width: 400px) 100vw, 400px\" \/>\t\t\t\t\t\t\t\t<\/a>\n\t\t\t\t\t\t\t\t\t\t\t\t\t\t\t<\/div>\n\t\t\t\t<\/div>\n\t\t\t\t<div class=\"elementor-element elementor-element-c49daab elementor-widget__width-inherit elementor-widget elementor-widget-heading\" data-id=\"c49daab\" data-element_type=\"widget\" data-e-type=\"widget\" data-widget_type=\"heading.default\">\n\t\t\t\t<div class=\"elementor-widget-container\">\n\t\t\t\t\t<h2 class=\"elementor-heading-title elementor-size-default\"><a href=\"https:\/\/andesport.net\/south-face-trekking\/\">ACONCAGUA TREKKING CARA SUR<\/a><\/h2>\t\t\t\t<\/div>\n\t\t\t\t<\/div>\n\t\t\t\t<div class=\"elementor-element elementor-element-b8d2f4d elementor-widget elementor-widget-text-editor\" data-id=\"b8d2f4d\" data-element_type=\"widget\" data-e-type=\"widget\" data-widget_type=\"text-editor.default\">\n\t\t\t\t<div class=\"elementor-widget-container\">\n\t\t\t\t\t\t\t\t\t<p><a href=\"https:\/\/andesport.net\/south-face-trekking\/\">Mediante este trekking llegaremos a la maravillosa Cara Sur que tiene una altitud de&#8230;.<\/a><\/p>\n<p><a href=\"https:\/\/andesport.net\/south-face-trekking\/\">Ver m\u00e1s<\/a><\/p>\n\t\t\t\t\t\t\t\t<\/div>\n\t\t\t\t<\/div>\n\t\t\t\t<\/div>\n\t\t\t\t\t<\/div>\n\t\t\t\t<\/div>\n\t\t\t\t<\/div>\n\t\t","protected":false},"excerpt":{"rendered":"<p>ESCALADA AL ACONCAGUA ACONCAGUA RUTA NORMAL El monte Aconcagua es una de las mayores aventuras que puede encontrar un escalador y aventurero. Con 6962 m es la monta\u00f1a m\u00e1s alta del continente americano. Ver m\u00e1s ACONCAGUA TRAVES\u00cdA 360 La Traves\u00eda 360 del Aconcagua es la m\u00e1s completa de las rutas. Al adentrarte en esta traves\u00eda, [&hellip;]<\/p>\n","protected":false},"author":1,"featured_media":0,"parent":0,"menu_order":0,"comment_status":"closed","ping_status":"closed","template":"","meta":{"site-sidebar-layout":"no-sidebar","site-content-layout":"","ast-site-content-layout":"full-width-container","site-content-style":"default","site-sidebar-style":"default","ast-global-header-display":"","ast-banner-title-visibility":"","ast-main-header-display":"","ast-hfb-above-header-display":"","ast-hfb-below-header-display":"","ast-hfb-mobile-header-display":"","site-post-title":"disabled","ast-breadcrumbs-content":"","ast-featured-img":"disabled","footer-sml-layout":"","ast-disable-related-posts":"","theme-transparent-header-meta":"","adv-header-id-meta":"","stick-header-meta":"","header-above-stick-meta":"","header-main-stick-meta":"","header-below-stick-meta":"","astra-migrate-meta-layouts":"default","ast-page-background-enabled":"default","ast-page-background-meta":{"desktop":{"background-color":"var(--ast-global-color-4)","background-image":"","background-repeat":"repeat","background-position":"center center","background-size":"auto","background-attachment":"scroll","background-type":"","background-media":"","overlay-type":"","overlay-color":"","overlay-opacity":"","overlay-gradient":""},"tablet":{"background-color":"","background-image":"","background-repeat":"repeat","background-position":"center center","background-size":"auto","background-attachment":"scroll","background-type":"","background-media":"","overlay-type":"","overlay-color":"","overlay-opacity":"","overlay-gradient":""},"mobile":{"background-color":"","background-image":"","background-repeat":"repeat","background-position":"center center","background-size":"auto","background-attachment":"scroll","background-type":"","background-media":"","overlay-type":"","overlay-color":"","overlay-opacity":"","overlay-gradient":""}},"ast-content-background-meta":{"desktop":{"background-color":"var(--ast-global-color-5)","background-image":"","background-repeat":"repeat","background-position":"center center","background-size":"auto","background-attachment":"scroll","background-type":"","background-media":"","overlay-type":"","overlay-color":"","overlay-opacity":"","overlay-gradient":""},"tablet":{"background-color":"var(--ast-global-color-5)","background-image":"","background-repeat":"repeat","background-position":"center center","background-size":"auto","background-attachment":"scroll","background-type":"","background-media":"","overlay-type":"","overlay-color":"","overlay-opacity":"","overlay-gradient":""},"mobile":{"background-color":"var(--ast-global-color-5)","background-image":"","background-repeat":"repeat","background-position":"center center","background-size":"auto","background-attachment":"scroll","background-type":"","background-media":"","overlay-type":"","overlay-color":"","overlay-opacity":"","overlay-gradient":""}},"footnotes":""},"class_list":["post-2929","page","type-page","status-publish","hentry"],"_links":{"self":[{"href":"https:\/\/andesport.net\/es\/wp-json\/wp\/v2\/pages\/2929","targetHints":{"allow":["GET"]}}],"collection":[{"href":"https:\/\/andesport.net\/es\/wp-json\/wp\/v2\/pages"}],"about":[{"href":"https:\/\/andesport.net\/es\/wp-json\/wp\/v2\/types\/page"}],"author":[{"embeddable":true,"href":"https:\/\/andesport.net\/es\/wp-json\/wp\/v2\/users\/1"}],"replies":[{"embeddable":true,"href":"https:\/\/andesport.net\/es\/wp-json\/wp\/v2\/comments?post=2929"}],"version-history":[{"count":12,"href":"https:\/\/andesport.net\/es\/wp-json\/wp\/v2\/pages\/2929\/revisions"}],"predecessor-version":[{"id":3321,"href":"https:\/\/andesport.net\/es\/wp-json\/wp\/v2\/pages\/2929\/revisions\/3321"}],"wp:attachment":[{"href":"https:\/\/andesport.net\/es\/wp-json\/wp\/v2\/media?parent=2929"}],"curies":[{"name":"wp","href":"https:\/\/api.w.org\/{rel}","templated":true}]}}